{"id":101,"date":"2021-03-04T13:04:40","date_gmt":"2021-03-04T13:04:40","guid":{"rendered":"https:\/\/unotec.com.br\/utc\/?page_id=101"},"modified":"2021-11-12T00:48:04","modified_gmt":"2021-11-12T00:48:04","slug":"pericia-audiovisual","status":"publish","type":"page","link":"https:\/\/unotec.com.br\/utc\/pericia-audiovisual\/","title":{"rendered":"Per\u00edcia Audiovisual"},"content":{"rendered":"\n<p class=\"has-drop-cap\">Elabora\u00e7\u00e3o de Per\u00edcias em \u00c1udio &amp; V\u00eddeo e Imagens \u2013 An\u00e1lise e Per\u00edcia de \u00e1udio, reconhecimento de voz, decodifica\u00e7\u00e3o com degrava\u00e7\u00e3o ou transcri\u00e7\u00e3o. O Servi\u00e7o de degrava\u00e7\u00e3o ou transcri\u00e7\u00e3o consiste em transcrever integralmente e fielmente a fala dos interlocutores para o papel, com registro pr\u00e9vio do nome de cada orador.<\/p>\n\n\n\n<p>Perito em \u00c1udio \u2013 Perito em V\u00eddeos \u2013 Perito em Imagem \u2013 Laudo Pericial Fonoaudiografico. As per\u00edcias envolvendo a an\u00e1lise de conte\u00fado de v\u00eddeos ou imagens, sejam estas est\u00e1ticas (fotografias) ou em movimento (v\u00eddeos). Fon\u00e9tica forense e degrava\u00e7\u00e3o de conte\u00fados em \u00e1udio e v\u00eddeo para fins judiciais ou administrativos.<\/p>\n\n\n\n<ul class=\"wp-block-list\"><li>DEGRAVA\u00c7\u00c3O \u00e9 a transcri\u00e7\u00e3o ipsis verbis (reprodu\u00e7\u00e3o exata e literal) de um \u00e1udio em formato de texto. Assim, na transcri\u00e7\u00e3o inclui todos os erros da fala, jarg\u00f5es, pausas, hesita\u00e7\u00f5es, repeti\u00e7\u00f5es, n\u00e3o encontradas normalmente na l\u00edngua culta.<\/li><\/ul>\n","protected":false},"excerpt":{"rendered":"<p>Elabora\u00e7\u00e3o de Per\u00edcias em \u00c1udio &amp; V\u00eddeo e Imagens \u2013 An\u00e1lise e Per\u00edcia de \u00e1udio, reconhecimento de voz, decodifica\u00e7\u00e3o com degrava\u00e7\u00e3o ou transcri\u00e7\u00e3o. O Servi\u00e7o de degrava\u00e7\u00e3o ou transcri\u00e7\u00e3o consiste em transcrever integralmente e fielmente a fala dos interlocutores para o papel, com registro pr\u00e9vio do nome de cada orador. Perito em \u00c1udio \u2013 Perito &hellip; <a href=\"https:\/\/unotec.com.br\/utc\/pericia-audiovisual\/\" class=\"more-link\">Continuar lendo <span class=\"screen-reader-text\">Per\u00edcia Audiovisual<\/span><\/a><\/p>\n","protected":false},"author":1,"featured_media":0,"parent":0,"menu_order":0,"comment_status":"closed","ping_status":"closed","template":"","meta":{"footnotes":""},"class_list":["post-101","page","type-page","status-publish","hentry"],"_links":{"self":[{"href":"https:\/\/unotec.com.br\/utc\/wp-json\/wp\/v2\/pages\/101","targetHints":{"allow":["GET"]}}],"collection":[{"href":"https:\/\/unotec.com.br\/utc\/wp-json\/wp\/v2\/pages"}],"about":[{"href":"https:\/\/unotec.com.br\/utc\/wp-json\/wp\/v2\/types\/page"}],"author":[{"embeddable":true,"href":"https:\/\/unotec.com.br\/utc\/wp-json\/wp\/v2\/users\/1"}],"replies":[{"embeddable":true,"href":"https:\/\/unotec.com.br\/utc\/wp-json\/wp\/v2\/comments?post=101"}],"version-history":[{"count":2,"href":"https:\/\/unotec.com.br\/utc\/wp-json\/wp\/v2\/pages\/101\/revisions"}],"predecessor-version":[{"id":289,"href":"https:\/\/unotec.com.br\/utc\/wp-json\/wp\/v2\/pages\/101\/revisions\/289"}],"wp:attachment":[{"href":"https:\/\/unotec.com.br\/utc\/wp-json\/wp\/v2\/media?parent=101"}],"curies":[{"name":"wp","href":"https:\/\/api.w.org\/{rel}","templated":true}]}}