{"id":103,"date":"2021-03-04T13:06:46","date_gmt":"2021-03-04T13:06:46","guid":{"rendered":"https:\/\/unotec.com.br\/utc\/?page_id=103"},"modified":"2021-11-12T00:49:57","modified_gmt":"2021-11-12T00:49:57","slug":"pericia-criptomoedas","status":"publish","type":"page","link":"https:\/\/unotec.com.br\/utc\/pericia-criptomoedas\/","title":{"rendered":"Per\u00edcia em Criptomoedas"},"content":{"rendered":"\n<p class=\"has-drop-cap\">Lavagem de dinheiro, compra e venda de produtos ilegais, financiamento do terrorismo, pedofilia, s\u00e3o alguns exemplos de crimes que podem ser realizados com o emprego de moedas virtuais. Em 2017, um malware do tipo Ransomware (WannaCry) infectou milhares de computadores ao redor do mundo causando enormes transtornos n\u00e3o somente para usu\u00e1rios comuns como tamb\u00e9m para empresas de grande porte.<\/p>\n\n\n\n<p>A per\u00edcia digital \u00e9 \u201co conjunto de procedimentos t\u00e9cnico-cient\u00edficos destinados a levar \u00e0 inst\u00e2ncia decis\u00f3ria elementos de prova necess\u00e1rios a subsidiar a justa solu\u00e7\u00e3o do lit\u00edgio ou constata\u00e7\u00e3o de fato, mediante laudo pericial e\/ou parecer t\u00e9cnico-digital, em conformidade com as normas jur\u00eddicas e profissionais e com a legisla\u00e7\u00e3o espec\u00edfica no que for pertinente.\u201d<\/p>\n\n\n\n<p>A privacidade ofertada pela criptografia e todas outras nuances que o blockchain entrega \u00e0s transa\u00e7\u00f5es em criptmoedas tem cada vez mais chamado a aten\u00e7\u00e3o de criminosos que visam o patrim\u00f4nio de suas v\u00edtimas ao mesmo tempo que visam sua anonimiza\u00e7\u00e3o no ato do pagamento.<\/p>\n\n\n\n<p>ETAPAS:<\/p>\n\n\n\n<ul class=\"wp-block-list\"><li>Aquisi\u00e7\u00e3o e duplica\u00e7\u00e3o forense da m\u00eddia original;<\/li><li>Gera\u00e7\u00e3o e preserva\u00e7\u00e3o do arquivo de evid\u00eancia para an\u00e1lise;<\/li><li>An\u00e1lise investiga\u00e7\u00e3o, envolvendo file slacks (\u00e1reas n\u00e3o utilizadas nos clusters); \u00e1reas n\u00e3o particionadas pelo sistema operacional instalado; arquivos apagados; e-mails; hist\u00f3rico de navega\u00e7\u00e3o pela internet; \u00e1reas escondidas; e \u00e1rea de registro de informa\u00e7\u00f5es dos sistemas operacionais.<\/li><\/ul>\n","protected":false},"excerpt":{"rendered":"<p>Lavagem de dinheiro, compra e venda de produtos ilegais, financiamento do terrorismo, pedofilia, s\u00e3o alguns exemplos de crimes que podem ser realizados com o emprego de moedas virtuais. Em 2017, um malware do tipo Ransomware (WannaCry) infectou milhares de computadores ao redor do mundo causando enormes transtornos n\u00e3o somente para usu\u00e1rios comuns como tamb\u00e9m para &hellip; <a href=\"https:\/\/unotec.com.br\/utc\/pericia-criptomoedas\/\" class=\"more-link\">Continuar lendo <span class=\"screen-reader-text\">Per\u00edcia em Criptomoedas<\/span><\/a><\/p>\n","protected":false},"author":1,"featured_media":0,"parent":0,"menu_order":0,"comment_status":"closed","ping_status":"closed","template":"","meta":{"footnotes":""},"class_list":["post-103","page","type-page","status-publish","hentry"],"_links":{"self":[{"href":"https:\/\/unotec.com.br\/utc\/wp-json\/wp\/v2\/pages\/103","targetHints":{"allow":["GET"]}}],"collection":[{"href":"https:\/\/unotec.com.br\/utc\/wp-json\/wp\/v2\/pages"}],"about":[{"href":"https:\/\/unotec.com.br\/utc\/wp-json\/wp\/v2\/types\/page"}],"author":[{"embeddable":true,"href":"https:\/\/unotec.com.br\/utc\/wp-json\/wp\/v2\/users\/1"}],"replies":[{"embeddable":true,"href":"https:\/\/unotec.com.br\/utc\/wp-json\/wp\/v2\/comments?post=103"}],"version-history":[{"count":2,"href":"https:\/\/unotec.com.br\/utc\/wp-json\/wp\/v2\/pages\/103\/revisions"}],"predecessor-version":[{"id":290,"href":"https:\/\/unotec.com.br\/utc\/wp-json\/wp\/v2\/pages\/103\/revisions\/290"}],"wp:attachment":[{"href":"https:\/\/unotec.com.br\/utc\/wp-json\/wp\/v2\/media?parent=103"}],"curies":[{"name":"wp","href":"https:\/\/api.w.org\/{rel}","templated":true}]}}