{"id":11,"date":"2021-03-04T01:59:14","date_gmt":"2021-03-04T01:59:14","guid":{"rendered":"https:\/\/unotec.com.br\/utc\/?page_id=11"},"modified":"2024-01-11T17:50:24","modified_gmt":"2024-01-11T17:50:24","slug":"inicio","status":"publish","type":"page","link":"https:\/\/unotec.com.br\/utc\/","title":{"rendered":"Qual sua demanda pericial?"},"content":{"rendered":"\n<figure class=\"wp-block-embed is-type-video is-provider-youtube wp-block-embed-youtube wp-embed-aspect-16-9 wp-has-aspect-ratio\"><div class=\"wp-block-embed__wrapper\">\n<iframe loading=\"lazy\" title=\"Per\u00edcia em Inform\u00e1tica\" width=\"660\" height=\"371\" src=\"https:\/\/www.youtube.com\/embed\/NcDY4ERBhNM?feature=oembed\" frameborder=\"0\" allow=\"accelerometer; autoplay; clipboard-write; encrypted-media; gyroscope; picture-in-picture; web-share\" referrerpolicy=\"strict-origin-when-cross-origin\" allowfullscreen><\/iframe>\n<\/div><\/figure>\n\n\n\n<div class=\"wp-block-media-text alignwide has-media-on-the-right is-stacked-on-mobile\" style=\"grid-template-columns:auto 35%\"><div class=\"wp-block-media-text__content\">\n<p class=\"has-small-font-size\"><a href=\"https:\/\/unotec.com.br\/utc\/areapericiais\/pericia-digital\/\"><strong>PER\u00cdCIA DIGITAL<\/strong><\/a><\/p>\n\n\n\n<p class=\"has-small-font-size\"><a href=\"https:\/\/unotec.com.br\/utc\/areapericiais\/assistente-tecnico\/\"><strong>ASSISTENTE T\u00c9CNICO<\/strong><\/a><\/p>\n\n\n\n<p class=\"has-small-font-size\"><a href=\"https:\/\/unotec.com.br\/utc\/areapericiais\/pericia-audiovisual\/\"><strong>PER\u00cdCIA AUDIOVISUAL<\/strong><\/a><\/p>\n\n\n\n<p class=\"has-small-font-size\"><a href=\"https:\/\/unotec.com.br\/utc\/areapericiais\/pericia-criptomoedas\/\"><strong>PER\u00cdCIA EM CRIPTOMOEDAS<\/strong><\/a><\/p>\n\n\n\n<p class=\"has-small-font-size\"><a href=\"https:\/\/unotec.com.br\/utc\/pericia-forense-day-trade\/\" data-type=\"link\" data-id=\"https:\/\/unotec.com.br\/utc\/pericia-forense-day-trader\/\"><strong>PER\u00cdCIA FORENSE &#8211; DAY TRADE<\/strong><\/a><\/p>\n<\/div><figure class=\"wp-block-media-text__media\"><img decoding=\"async\" src=\"https:\/\/unotec.com.br\/utc\/wp-content\/uploads\/2023\/06\/duvida-perito.webp\" alt=\"\" class=\"wp-image-448 size-full\"\/><\/figure><\/div>\n","protected":false},"excerpt":{"rendered":"<p>PER\u00cdCIA DIGITAL ASSISTENTE T\u00c9CNICO PER\u00cdCIA AUDIOVISUAL PER\u00cdCIA EM CRIPTOMOEDAS PER\u00cdCIA FORENSE &#8211; DAY TRADE<\/p>\n","protected":false},"author":3,"featured_media":0,"parent":0,"menu_order":1,"comment_status":"closed","ping_status":"closed","template":"","meta":{"footnotes":""},"class_list":["post-11","page","type-page","status-publish","hentry"],"_links":{"self":[{"href":"https:\/\/unotec.com.br\/utc\/wp-json\/wp\/v2\/pages\/11","targetHints":{"allow":["GET"]}}],"collection":[{"href":"https:\/\/unotec.com.br\/utc\/wp-json\/wp\/v2\/pages"}],"about":[{"href":"https:\/\/unotec.com.br\/utc\/wp-json\/wp\/v2\/types\/page"}],"author":[{"embeddable":true,"href":"https:\/\/unotec.com.br\/utc\/wp-json\/wp\/v2\/users\/3"}],"replies":[{"embeddable":true,"href":"https:\/\/unotec.com.br\/utc\/wp-json\/wp\/v2\/comments?post=11"}],"version-history":[{"count":32,"href":"https:\/\/unotec.com.br\/utc\/wp-json\/wp\/v2\/pages\/11\/revisions"}],"predecessor-version":[{"id":490,"href":"https:\/\/unotec.com.br\/utc\/wp-json\/wp\/v2\/pages\/11\/revisions\/490"}],"wp:attachment":[{"href":"https:\/\/unotec.com.br\/utc\/wp-json\/wp\/v2\/media?parent=11"}],"curies":[{"name":"wp","href":"https:\/\/api.w.org\/{rel}","templated":true}]}}