{"id":319,"date":"2021-11-12T14:05:48","date_gmt":"2021-11-12T14:05:48","guid":{"rendered":"https:\/\/unotec.com.br\/utc\/?page_id=319"},"modified":"2021-11-12T14:05:48","modified_gmt":"2021-11-12T14:05:48","slug":"politica-de-privacidade","status":"publish","type":"page","link":"https:\/\/unotec.com.br\/utc\/politica-de-privacidade\/","title":{"rendered":"Pol\u00edtica de privacidade"},"content":{"rendered":"\n<p><strong>Pol\u00edtica de Privacidade e Prote\u00e7\u00e3o de Dados<\/strong><\/p>\n\n\n\n<p>A presente pol\u00edtica de privacidade e prote\u00e7\u00e3o dados rege o tratamento que damos \u00e0 informa\u00e7\u00e3o recebida no acesso e uso dos servi\u00e7os do site, que UNOTEC.COM.BR oferece gratuitamente ou pago aos usu\u00e1rios de Internet interessados em seus servi\u00e7os e conte\u00fados. Em conformidade com a legisla\u00e7\u00e3o sobre prote\u00e7\u00e3o de dados pessoais (LGPD), a UNOTEC.COM.BR deve atender a certos requisitos que garantem que qualquer informa\u00e7\u00e3o fornecida pelos usu\u00e1rios \u00e9 tratada com dilig\u00eancia e confidencialidade. Em caso de d\u00favidas relacionadas a nossa pol\u00edtica de privacidade entre em contato: unotec@unotec.com.br.<strong>1. Dados coletados<\/strong><\/p>\n\n\n\n<p>A UNOTEC coleta dados pessoais dos usu\u00e1rios com o objetivo de facilitar o contato entre alunos e professores para oferecer ferramentas e servi\u00e7os que apoiam os processos de busca de conte\u00fado, incluindo o envio via e-mail de newsletter dispon\u00edveis de acordo com as informa\u00e7\u00f5es publicadas no site. As informa\u00e7\u00f5es de contato dos clientes e usu\u00e1rios poder\u00e3o ser utilizados para campanhas publicit\u00e1rias da UNOTEC.COM.BR, que enviar\u00e1 informa\u00e7\u00f5es sobre os servi\u00e7os, atrav\u00e9s de mensagens publicit\u00e1rias como promo\u00e7\u00f5es, dicas, divulga\u00e7\u00e3o de parceiros e clientes que possam agregar algum valor ou interesse aos nossos assinantes. Tamb\u00e9m s\u00e3o recolhidos dados adicionais dos usu\u00e1rios para efetuar an\u00e1lises estat\u00edsticas que permitem melhorar o desempenho dos servi\u00e7os do site. A UNOTEC.COM.BR, trar\u00e1, em seus comunicados, newsletters, ofertas e mensagens publicit\u00e1rias enviadas por e-mail a op\u00e7\u00e3o de cancelamento do envio deste tipo de mensagem. A solicita\u00e7\u00e3o ser\u00e1 atendida no tempo m\u00ednimo necess\u00e1rio para sua execu\u00e7\u00e3o. <strong>2. Para alunos:<\/strong><\/p>\n\n\n\n<p>Ao registrar-se no UNOTEC\/EAD ser\u00e3o solicitados os dados pessoais atrav\u00e9s do preenchimento de um formul\u00e1rio. Os dados solicitados s\u00e3o estritamente necess\u00e1rios para a realiza\u00e7\u00e3o do prop\u00f3sito do site e ser\u00e3o armazenados e processados exclusivamente com esse objeto e sempre no \u00e2mbito da pol\u00edtica estabelecida. Os dados pessoais do candidato s\u00e3o a identifica\u00e7\u00e3o do usu\u00e1rio como: nome e sobrenome, cidade\/munic\u00edpio, pa\u00eds, endere\u00e7o de e-mail para confirmar o cadastro e os campos marcados com asterisco (*) no formul\u00e1rio de inscri\u00e7\u00e3o s\u00e3o de preenchimento obrigat\u00f3rio. Ap\u00f3s acesso ao site o usu\u00e1rio pode optar por terminar de preencher o perfil ou n\u00e3o. Ao abordar qualquer um dos nossos produtos, sites, v\u00eddeos, palestras, programas ou outros conte\u00fados, fazemos todos os esfor\u00e7os para garantir que estes representem fielmente nossos servi\u00e7os, para proporcionar a sua carreira conhecimento e melhorar sua vida. No entanto, a UNOTEC.COM.BR, n\u00e3o garante que voc\u00ea conseguir\u00e1 obter quaisquer resultados. Ao adquirir um produto de nossa empresa, voc\u00ea aceita, concorda e entende que voc\u00ea \u00e9 totalmente respons\u00e1vel e o seu progresso \u00e9 resultados de sua participa\u00e7\u00e3o e, que n\u00f3s n\u00e3o oferecemos nenhuma representa\u00e7\u00e3o, garantia ou garantias verbalmente ou por escrito sobre seus resultados. Voc\u00ea \u00e9 o \u00fanico respons\u00e1vel por suas a\u00e7\u00f5es e resultados na vida que dependem de fatores pessoais, incluindo, mas n\u00e3o necessariamente limitado a, a sua habilidade, conhecimento, dedica\u00e7\u00e3o. Voc\u00ea tamb\u00e9m entende que qualquer depoimento ou aprova\u00e7\u00f5es emitidas por nossos clientes ou p\u00fablico representado em nossos programas, sites, conte\u00fado, p\u00e1ginas de destino, p\u00e1ginas de vendas ou ofertas n\u00e3o foram avaliadas cientificamente por n\u00f3s e os resultados experimentados pelos indiv\u00edduos podem variar significativamente. Quaisquer declara\u00e7\u00f5es descritas no nosso websites, programas, conte\u00fados e ofertas s\u00e3o simplesmente nossa opini\u00e3o e, portanto, n\u00e3o s\u00e3o garantias ou promessas de desempenho real. N\u00f3s n\u00e3o oferecemos assessoria jur\u00eddica, m\u00e9dica, psicol\u00f3gica ou financeira profissional.<strong>3. Para Unotec:<\/strong><\/p>\n\n\n\n<p>A UNOTEC, precisa desse registro com informa\u00e7\u00f5es b\u00e1sicas do aluno e estes dados s\u00e3o necess\u00e1rios para acesso posterior ao portal. A UNOTEC est\u00e1 ciente que todos os dados que foram fornecidos ou que forem gerados durante o seu relacionamento com a UNOTEC, n\u00e3o ser\u00e1 compartilhados. <strong>4. Armazenamento e Transfer\u00eancia de Dados<\/strong><\/p>\n\n\n\n<p>O uso do site e o registro ou apresenta\u00e7\u00e3o de dados pessoais para a UNOTEC implica o consentimento do usu\u00e1rio para o tratamento automatizado dos dados pessoais fornecidos, bem como o envio de comunica\u00e7\u00f5es por via eletr\u00f4nica com informa\u00e7\u00f5es relacionadas a UNOTEC. Ap\u00f3s o processo de registro os dados n\u00e3o ser\u00e3o transferidos a terceiros. Para estes fins significa terceiro \u201caqueles usu\u00e1rios ou entidades que desejem entrar em contato com o candidato para ofertar algum produto\u201d por meio do e-mail cadastrado. <strong>5. Seguran\u00e7a<\/strong><\/p>\n\n\n\n<p>A seguran\u00e7a de seus dados \u00e9 muito importante para a UNOTEC, por isso a UNOTEC adotou medidas t\u00e9cnicas e organizacionais de acordo com as regras estabelecidas para a seguran\u00e7a dos dados pessoais e evitar a sua altera\u00e7\u00e3o, perda, tratamento ou acesso n\u00e3o autorizado, tendo em conta o estado da tecnologia, a natureza dos dados armazenados e os riscos a que est\u00e3o expostas. <strong>6. Configura\u00e7\u00f5es de cookies<\/strong><\/p>\n\n\n\n<p>A UNOTEC utiliza cookies no site a fim de melhorar a experi\u00eancia do usu\u00e1rio, permitindo que seja fornecido um melhor conte\u00fado. Os cookies que usamos n\u00e3o armazenam quaisquer informa\u00e7\u00f5es confidenciais. Nosso objetivo \u00e9 ter um site mais pessoal, informativo e amig\u00e1vel para o usu\u00e1rio e os cookies nos ajudam a obt\u00ea-lo. <strong>7. O que s\u00e3o Cookies?<\/strong><\/p>\n\n\n\n<p>Eles s\u00e3o pequenos arquivos armazenados no computador do usu\u00e1rio que acessar o site. Esses arquivos passam entre o servidor da UNOTEC e o computador do usu\u00e1rio final e permanecem armazenados no computador, mesmo depois de fechar a p\u00e1gina, permitindo que o usu\u00e1rio tenha acesso da pr\u00f3xima vez que usar o site da UNOTEC. A maioria dos navegadores aceitam cookies automaticamente mas voc\u00ea pode alterar suas configura\u00e7\u00f5es da internet para n\u00e3o aceitar cookies ou sujeit\u00e1-los a sua autoriza\u00e7\u00e3o. <strong>8. Direito de acesso, altera\u00e7\u00e3o, oposi\u00e7\u00e3o e cancelamento dos dados<\/strong><\/p>\n\n\n\n<p>O usu\u00e1rio tem o direito de ter acesso aos seus dados, a qualquer momento, para corrigi-los se os detalhes estiverem incorretos, alterar suas configura\u00e7\u00f5es de privacidade, se opor ao tratamento dos seus dados e cancelar a inscri\u00e7\u00e3o em nossos cursos. Esses direitos podem ser feitos atrav\u00e9s da pr\u00f3pria configura\u00e7\u00e3o da p\u00e1gina da web, perfil de usu\u00e1rio. <strong>9. Modifica\u00e7\u00e3o da pol\u00edtica de privacidade e prote\u00e7\u00e3o de dados<\/strong><\/p>\n\n\n\n<p>A UNOTEC reserva se ao direito de modificar a presente pol\u00edtica para adapt\u00e1-la para futuros desenvolvimentos legislativos ou jurisprudenciais. Qualquer mudan\u00e7a que n\u00e3o derivam de adapta\u00e7\u00e3o \u00e0s altera\u00e7\u00f5es legislativas ou jurisprudenciais ser\u00e1 anunciada no site ou, se significativas, comunicada por e-mail para os usu\u00e1rios. <strong>UNOTEC.COM.BR<\/strong><\/p>\n","protected":false},"excerpt":{"rendered":"<p>Pol\u00edtica de Privacidade e Prote\u00e7\u00e3o de Dados A presente pol\u00edtica de privacidade e prote\u00e7\u00e3o dados rege o tratamento que damos \u00e0 informa\u00e7\u00e3o recebida no acesso e uso dos servi\u00e7os do site, que UNOTEC.COM.BR oferece gratuitamente ou pago aos usu\u00e1rios de Internet interessados em seus servi\u00e7os e conte\u00fados. Em conformidade com a legisla\u00e7\u00e3o sobre prote\u00e7\u00e3o de &hellip; <a href=\"https:\/\/unotec.com.br\/utc\/politica-de-privacidade\/\" class=\"more-link\">Continuar lendo <span class=\"screen-reader-text\">Pol\u00edtica de privacidade<\/span><\/a><\/p>\n","protected":false},"author":3,"featured_media":0,"parent":0,"menu_order":0,"comment_status":"closed","ping_status":"closed","template":"","meta":{"footnotes":""},"class_list":["post-319","page","type-page","status-publish","hentry"],"_links":{"self":[{"href":"https:\/\/unotec.com.br\/utc\/wp-json\/wp\/v2\/pages\/319","targetHints":{"allow":["GET"]}}],"collection":[{"href":"https:\/\/unotec.com.br\/utc\/wp-json\/wp\/v2\/pages"}],"about":[{"href":"https:\/\/unotec.com.br\/utc\/wp-json\/wp\/v2\/types\/page"}],"author":[{"embeddable":true,"href":"https:\/\/unotec.com.br\/utc\/wp-json\/wp\/v2\/users\/3"}],"replies":[{"embeddable":true,"href":"https:\/\/unotec.com.br\/utc\/wp-json\/wp\/v2\/comments?post=319"}],"version-history":[{"count":1,"href":"https:\/\/unotec.com.br\/utc\/wp-json\/wp\/v2\/pages\/319\/revisions"}],"predecessor-version":[{"id":320,"href":"https:\/\/unotec.com.br\/utc\/wp-json\/wp\/v2\/pages\/319\/revisions\/320"}],"wp:attachment":[{"href":"https:\/\/unotec.com.br\/utc\/wp-json\/wp\/v2\/media?parent=319"}],"curies":[{"name":"wp","href":"https:\/\/api.w.org\/{rel}","templated":true}]}}