{"id":540,"date":"2025-08-19T18:26:36","date_gmt":"2025-08-19T18:26:36","guid":{"rendered":"https:\/\/unotec.com.br\/utc\/?page_id=540"},"modified":"2025-08-19T20:55:22","modified_gmt":"2025-08-19T20:55:22","slug":"arquivos-baixar","status":"publish","type":"page","link":"https:\/\/unotec.com.br\/utc\/arquivos-baixar\/","title":{"rendered":"Arquivos\/Baixar"},"content":{"rendered":"\n<p><a href=\"https:\/\/drive.google.com\/file\/d\/1l_rpyYO2XKE7ITVukeSiXH0rYJM9_57i\/view?usp=drive_link\">Procedimento Grafot\u00e9cnica para coleta online<\/a><\/p>\n\n\n\n<p><a href=\"https:\/\/drive.google.com\/file\/d\/18cSOLjWw9lOBYYuASITZTDOZHXO0NSxJ\/view?usp=drive_link\">`Proposta de honor\u00e1rios periciais<\/a><\/p>\n\n\n\n<p><a href=\"https:\/\/drive.google.com\/file\/d\/1kI5qdKIY-etkMNE-VM0lRzM7iy9qoq3N\/view?usp=drive_link\">Coleta de padr\u00f5es grafot\u00e9cnica<\/a><\/p>\n\n\n\n<p><\/p>\n","protected":false},"excerpt":{"rendered":"<p>Procedimento Grafot\u00e9cnica para coleta online `Proposta de honor\u00e1rios periciais Coleta de padr\u00f5es grafot\u00e9cnica<\/p>\n","protected":false},"author":3,"featured_media":0,"parent":0,"menu_order":0,"comment_status":"closed","ping_status":"closed","template":"","meta":{"footnotes":""},"class_list":["post-540","page","type-page","status-publish","hentry"],"_links":{"self":[{"href":"https:\/\/unotec.com.br\/utc\/wp-json\/wp\/v2\/pages\/540","targetHints":{"allow":["GET"]}}],"collection":[{"href":"https:\/\/unotec.com.br\/utc\/wp-json\/wp\/v2\/pages"}],"about":[{"href":"https:\/\/unotec.com.br\/utc\/wp-json\/wp\/v2\/types\/page"}],"author":[{"embeddable":true,"href":"https:\/\/unotec.com.br\/utc\/wp-json\/wp\/v2\/users\/3"}],"replies":[{"embeddable":true,"href":"https:\/\/unotec.com.br\/utc\/wp-json\/wp\/v2\/comments?post=540"}],"version-history":[{"count":4,"href":"https:\/\/unotec.com.br\/utc\/wp-json\/wp\/v2\/pages\/540\/revisions"}],"predecessor-version":[{"id":547,"href":"https:\/\/unotec.com.br\/utc\/wp-json\/wp\/v2\/pages\/540\/revisions\/547"}],"wp:attachment":[{"href":"https:\/\/unotec.com.br\/utc\/wp-json\/wp\/v2\/media?parent=540"}],"curies":[{"name":"wp","href":"https:\/\/api.w.org\/{rel}","templated":true}]}}