{"id":94,"date":"2021-03-04T12:58:14","date_gmt":"2021-03-04T12:58:14","guid":{"rendered":"https:\/\/unotec.com.br\/utc\/?page_id=94"},"modified":"2021-11-12T00:44:44","modified_gmt":"2021-11-12T00:44:44","slug":"pericia-digital","status":"publish","type":"page","link":"https:\/\/unotec.com.br\/utc\/pericia-digital\/","title":{"rendered":"Per\u00edcia Digital"},"content":{"rendered":"\n<p class=\"has-drop-cap\">Utilizando combina\u00e7\u00f5es de ferramentas especializadas, estamos preparados para atender as suas necessidades em per\u00edcia computacional. Durante a per\u00edcia, realizamos estudos para constatar a aquisi\u00e7\u00e3o, preserva\u00e7\u00e3o, recupera\u00e7\u00e3o de dados em formatos eletr\u00f4nicos e em m\u00eddias computacionais. Respeitando a confidencialidade da investiga\u00e7\u00e3o.<\/p>\n\n\n\n<p>Temos o conhecimento t\u00e9cnico que faz toda a diferen\u00e7a para auxiliar a defesa do seu processo. Caso a caso, estudamos as condi\u00e7\u00f5es da per\u00edcia, interpretamos as informa\u00e7\u00f5es colhidas e definimos as diretrizes de trabalho, garantindo as melhores estrat\u00e9gias para cada situa\u00e7\u00e3o.<\/p>\n\n\n\n<ul class=\"wp-block-list\"><li>Realizar auditorias e estabelecer regras gen\u00e9ricas para toda a rede, bem como regras espec\u00edficas por segmento ou mesmo por m\u00e1quina;<\/li><li>Estabelecer crit\u00e9rios de conformidade e varreduras frequentes nas m\u00e1quinas, para verificar se processos e dados est\u00e3o de acordo com as normas internas e externas;<\/li><li>Descobrir automaticamente n\u00e3o-conformidades em larga escala e iniciar a cadeia de cust\u00f3dia para o tratamento do problema;<\/li><li>Definir o escopo do incidente, com precis\u00e3o forense, a partir das informa\u00e7\u00f5es comprometidas, dos sistemas afetados;<\/li><li>Realizar todos os processos acima sem a necessidade de paralisa\u00e7\u00f5es em qualquer ponto da produ\u00e7\u00e3o, garantindo o andamento normal das atividades da empresa e o sigilo da coleta.<\/li><\/ul>\n\n\n\n<p>ETAPAS:<\/p>\n\n\n\n<ul class=\"wp-block-list\"><li>Aquisi\u00e7\u00e3o e duplica\u00e7\u00e3o forense da m\u00eddia original;<\/li><li>Gera\u00e7\u00e3o e preserva\u00e7\u00e3o do arquivo de evid\u00eancia para an\u00e1lise;<\/li><li>An\u00e1lise investiga\u00e7\u00e3o, envolvendo file slacks (\u00e1reas n\u00e3o utilizadas nos clusters); \u00e1reas n\u00e3o particionadas pelo sistema operacional instalado; arquivos apagados; e-mails; hist\u00f3rico de navega\u00e7\u00e3o pela internet; \u00e1reas escondidas; e \u00e1rea de registro de informa\u00e7\u00f5es dos sistemas operacionais.<\/li><\/ul>\n","protected":false},"excerpt":{"rendered":"<p>Utilizando combina\u00e7\u00f5es de ferramentas especializadas, estamos preparados para atender as suas necessidades em per\u00edcia computacional. Durante a per\u00edcia, realizamos estudos para constatar a aquisi\u00e7\u00e3o, preserva\u00e7\u00e3o, recupera\u00e7\u00e3o de dados em formatos eletr\u00f4nicos e em m\u00eddias computacionais. Respeitando a confidencialidade da investiga\u00e7\u00e3o. Temos o conhecimento t\u00e9cnico que faz toda a diferen\u00e7a para auxiliar a defesa do seu &hellip; <a href=\"https:\/\/unotec.com.br\/utc\/pericia-digital\/\" class=\"more-link\">Continuar lendo <span class=\"screen-reader-text\">Per\u00edcia Digital<\/span><\/a><\/p>\n","protected":false},"author":1,"featured_media":0,"parent":0,"menu_order":0,"comment_status":"closed","ping_status":"closed","template":"","meta":{"footnotes":""},"class_list":["post-94","page","type-page","status-publish","hentry"],"_links":{"self":[{"href":"https:\/\/unotec.com.br\/utc\/wp-json\/wp\/v2\/pages\/94","targetHints":{"allow":["GET"]}}],"collection":[{"href":"https:\/\/unotec.com.br\/utc\/wp-json\/wp\/v2\/pages"}],"about":[{"href":"https:\/\/unotec.com.br\/utc\/wp-json\/wp\/v2\/types\/page"}],"author":[{"embeddable":true,"href":"https:\/\/unotec.com.br\/utc\/wp-json\/wp\/v2\/users\/1"}],"replies":[{"embeddable":true,"href":"https:\/\/unotec.com.br\/utc\/wp-json\/wp\/v2\/comments?post=94"}],"version-history":[{"count":3,"href":"https:\/\/unotec.com.br\/utc\/wp-json\/wp\/v2\/pages\/94\/revisions"}],"predecessor-version":[{"id":287,"href":"https:\/\/unotec.com.br\/utc\/wp-json\/wp\/v2\/pages\/94\/revisions\/287"}],"wp:attachment":[{"href":"https:\/\/unotec.com.br\/utc\/wp-json\/wp\/v2\/media?parent=94"}],"curies":[{"name":"wp","href":"https:\/\/api.w.org\/{rel}","templated":true}]}}